{"id":2790,"date":"2026-03-02T03:12:52","date_gmt":"2026-03-02T03:12:52","guid":{"rendered":"https:\/\/www.redeinspiraeducadores.com.br\/?page_id=2790"},"modified":"2026-03-03T22:51:08","modified_gmt":"2026-03-03T22:51:08","slug":"colegio-candido-portinari","status":"publish","type":"page","link":"https:\/\/www.redeinspiraeducadores.com.br\/en\/nossas-escolas\/colegio-candido-portinari\/","title":{"rendered":"Col\u00e9gio C\u00e2ndido Portinari\u200b"},"content":{"rendered":"<div data-elementor-type=\"wp-page\" data-elementor-id=\"2790\" class=\"elementor elementor-2790\" data-elementor-post-type=\"page\">\n\t\t\t\t\t\t<section class=\"elementor-section elementor-top-section elementor-element elementor-element-e7133bc elementor-section-full_width elementor-section-height-default elementor-section-height-default\" data-id=\"e7133bc\" data-element_type=\"section\" data-e-type=\"section\" data-settings=\"{&quot;background_background&quot;:&quot;classic&quot;}\">\n\t\t\t\t\t\t\t<div class=\"elementor-background-overlay\"><\/div>\n\t\t\t\t\t\t\t<div class=\"elementor-container elementor-column-gap-default\">\n\t\t\t\t\t<div class=\"elementor-column elementor-col-100 elementor-top-column elementor-element elementor-element-762dcb7\" data-id=\"762dcb7\" data-element_type=\"column\" data-e-type=\"column\">\n\t\t\t<div class=\"elementor-widget-wrap\">\n\t\t\t\t\t\t\t<\/div>\n\t\t<\/div>\n\t\t\t\t\t<\/div>\n\t\t<\/section>\n\t\t<div class=\"elementor-element elementor-element-8363f86 e-flex e-con-boxed e-con e-parent\" data-id=\"8363f86\" data-element_type=\"container\" data-e-type=\"container\">\n\t\t\t\t\t<div class=\"e-con-inner\">\n\t\t<div class=\"elementor-element elementor-element-90ac2a7 e-con-full e-flex e-con e-child\" data-id=\"90ac2a7\" data-element_type=\"container\" data-e-type=\"container\">\n\t\t\t\t<div class=\"elementor-element elementor-element-9f69231 elementor-widget__width-initial elementor-widget-tablet__width-inherit elementor-widget elementor-widget-image\" data-id=\"9f69231\" data-element_type=\"widget\" data-e-type=\"widget\" data-widget_type=\"image.default\">\n\t\t\t\t\t\t\t\t\t\t\t\t\t\t\t<img decoding=\"async\" width=\"200\" height=\"200\" src=\"https:\/\/www.redeinspiraeducadores.com.br\/wp-content\/uploads\/2026\/03\/13.png\" class=\"attachment-large size-large wp-image-2801\" alt=\"\" srcset=\"https:\/\/www.redeinspiraeducadores.com.br\/wp-content\/uploads\/2026\/03\/13.png 200w, https:\/\/www.redeinspiraeducadores.com.br\/wp-content\/uploads\/2026\/03\/13-150x150.png 150w\" sizes=\"(max-width: 200px) 100vw, 200px\" \/>\t\t\t\t\t\t\t\t\t\t\t\t\t\t\t<\/div>\n\t\t\t\t<div class=\"elementor-element elementor-element-4c2f038 elementor-widget elementor-widget-spacer\" data-id=\"4c2f038\" data-element_type=\"widget\" data-e-type=\"widget\" data-widget_type=\"spacer.default\">\n\t\t\t\t\t\t\t<div class=\"elementor-spacer\">\n\t\t\t<div class=\"elementor-spacer-inner\"><\/div>\n\t\t<\/div>\n\t\t\t\t\t\t<\/div>\n\t\t\t\t<div class=\"elementor-element elementor-element-5571756 elementor-widget elementor-widget-heading\" data-id=\"5571756\" data-element_type=\"widget\" data-e-type=\"widget\" data-widget_type=\"heading.default\">\n\t\t\t\t\t<h3 class=\"elementor-heading-title elementor-size-default\">Segmentos:<\/h3>\t\t\t\t<\/div>\n\t\t\t\t<div class=\"elementor-element elementor-element-38f0ea1 elementor-icon-list--layout-traditional elementor-list-item-link-full_width elementor-widget elementor-widget-icon-list\" data-id=\"38f0ea1\" data-element_type=\"widget\" data-e-type=\"widget\" data-widget_type=\"icon-list.default\">\n\t\t\t\t\t\t\t<ul class=\"elementor-icon-list-items\">\n\t\t\t\t\t\t\t<li class=\"elementor-icon-list-item\">\n\t\t\t\t\t\t\t\t\t\t\t<span class=\"elementor-icon-list-icon\">\n\t\t\t\t\t\t\t<svg aria-hidden=\"true\" class=\"e-font-icon-svg e-fas-child\" viewbox=\"0 0 384 512\" xmlns=\"http:\/\/www.w3.org\/2000\/svg\"><path d=\"M120 72c0-39.765 32.235-72 72-72s72 32.235 72 72c0 39.764-32.235 72-72 72s-72-32.236-72-72zm254.627 1.373c-12.496-12.497-32.758-12.497-45.254 0L242.745 160H141.254L54.627 73.373c-12.496-12.497-32.758-12.497-45.254 0-12.497 12.497-12.497 32.758 0 45.255L104 213.254V480c0 17.673 14.327 32 32 32h16c17.673 0 32-14.327 32-32V368h16v112c0 17.673 14.327 32 32 32h16c17.673 0 32-14.327 32-32V213.254l94.627-94.627c12.497-12.497 12.497-32.757 0-45.254z\"><\/path><\/svg>\t\t\t\t\t\t<\/span>\n\t\t\t\t\t\t\t\t\t\t<span class=\"elementor-icon-list-text\">Educa\u00e7\u00e3o Infantil<\/span>\n\t\t\t\t\t\t\t\t\t<\/li>\n\t\t\t\t\t\t\t\t<li class=\"elementor-icon-list-item\">\n\t\t\t\t\t\t\t\t\t\t\t<span class=\"elementor-icon-list-icon\">\n\t\t\t\t\t\t\t<svg aria-hidden=\"true\" class=\"e-font-icon-svg e-fas-pencil-alt\" viewbox=\"0 0 512 512\" xmlns=\"http:\/\/www.w3.org\/2000\/svg\"><path d=\"M497.9 142.1l-46.1 46.1c-4.7 4.7-12.3 4.7-17 0l-111-111c-4.7-4.7-4.7-12.3 0-17l46.1-46.1c18.7-18.7 49.1-18.7 67.9 0l60.1 60.1c18.8 18.7 18.8 49.1 0 67.9zM284.2 99.8L21.6 362.4.4 483.9c-2.9 16.4 11.4 30.6 27.8 27.8l121.5-21.3 262.6-262.6c4.7-4.7 4.7-12.3 0-17l-111-111c-4.8-4.7-12.4-4.7-17.1 0zM124.1 339.9c-5.5-5.5-5.5-14.3 0-19.8l154-154c5.5-5.5 14.3-5.5 19.8 0s5.5 14.3 0 19.8l-154 154c-5.5 5.5-14.3 5.5-19.8 0zM88 424h48v36.3l-64.5 11.3-31.1-31.1L51.7 376H88v48z\"><\/path><\/svg>\t\t\t\t\t\t<\/span>\n\t\t\t\t\t\t\t\t\t\t<span class=\"elementor-icon-list-text\">Ensino Fundamental - anos iniciais<\/span>\n\t\t\t\t\t\t\t\t\t<\/li>\n\t\t\t\t\t\t\t\t<li class=\"elementor-icon-list-item\">\n\t\t\t\t\t\t\t\t\t\t\t<span class=\"elementor-icon-list-icon\">\n\t\t\t\t\t\t\t<svg aria-hidden=\"true\" class=\"e-font-icon-svg e-fas-pencil-ruler\" viewbox=\"0 0 512 512\" xmlns=\"http:\/\/www.w3.org\/2000\/svg\"><path d=\"M109.46 244.04l134.58-134.56-44.12-44.12-61.68 61.68a7.919 7.919 0 0 1-11.21 0l-11.21-11.21c-3.1-3.1-3.1-8.12 0-11.21l61.68-61.68-33.64-33.65C131.47-3.1 111.39-3.1 99 9.29L9.29 99c-12.38 12.39-12.39 32.47 0 44.86l100.17 100.18zm388.47-116.8c18.76-18.76 18.75-49.17 0-67.93l-45.25-45.25c-18.76-18.76-49.18-18.76-67.95 0l-46.02 46.01 113.2 113.2 46.02-46.03zM316.08 82.71l-297 296.96L.32 487.11c-2.53 14.49 10.09 27.11 24.59 24.56l107.45-18.84L429.28 195.9 316.08 82.71zm186.63 285.43l-33.64-33.64-61.68 61.68c-3.1 3.1-8.12 3.1-11.21 0l-11.21-11.21c-3.09-3.1-3.09-8.12 0-11.21l61.68-61.68-44.14-44.14L267.93 402.5l100.21 100.2c12.39 12.39 32.47 12.39 44.86 0l89.71-89.7c12.39-12.39 12.39-32.47 0-44.86z\"><\/path><\/svg>\t\t\t\t\t\t<\/span>\n\t\t\t\t\t\t\t\t\t\t<span class=\"elementor-icon-list-text\">Ensino Fundamental - anos finais<\/span>\n\t\t\t\t\t\t\t\t\t<\/li>\n\t\t\t\t\t\t\t\t<li class=\"elementor-icon-list-item\">\n\t\t\t\t\t\t\t\t\t\t\t<span class=\"elementor-icon-list-icon\">\n\t\t\t\t\t\t\t<svg aria-hidden=\"true\" class=\"e-font-icon-svg e-fas-chalkboard-teacher\" viewbox=\"0 0 640 512\" xmlns=\"http:\/\/www.w3.org\/2000\/svg\"><path d=\"M208 352c-2.39 0-4.78.35-7.06 1.09C187.98 357.3 174.35 360 160 360c-14.35 0-27.98-2.7-40.95-6.91-2.28-.74-4.66-1.09-7.05-1.09C49.94 352-.33 402.48 0 464.62.14 490.88 21.73 512 48 512h224c26.27 0 47.86-21.12 48-47.38.33-62.14-49.94-112.62-112-112.62zm-48-32c53.02 0 96-42.98 96-96s-42.98-96-96-96-96 42.98-96 96 42.98 96 96 96zM592 0H208c-26.47 0-48 22.25-48 49.59V96c23.42 0 45.1 6.78 64 17.8V64h352v288h-64v-64H384v64h-76.24c19.1 16.69 33.12 38.73 39.69 64H592c26.47 0 48-22.25 48-49.59V49.59C640 22.25 618.47 0 592 0z\"><\/path><\/svg>\t\t\t\t\t\t<\/span>\n\t\t\t\t\t\t\t\t\t\t<span class=\"elementor-icon-list-text\">Ensino M\u00e9dio<\/span>\n\t\t\t\t\t\t\t\t\t<\/li>\n\t\t\t\t\t\t<\/ul>\n\t\t\t\t\t\t<\/div>\n\t\t\t\t<div class=\"elementor-element elementor-element-45c98d4 elementor-widget elementor-widget-spacer\" data-id=\"45c98d4\" data-element_type=\"widget\" data-e-type=\"widget\" data-widget_type=\"spacer.default\">\n\t\t\t\t\t\t\t<div class=\"elementor-spacer\">\n\t\t\t<div class=\"elementor-spacer-inner\"><\/div>\n\t\t<\/div>\n\t\t\t\t\t\t<\/div>\n\t\t\t\t<div class=\"elementor-element elementor-element-be04dfa elementor-widget elementor-widget-heading\" data-id=\"be04dfa\" data-element_type=\"widget\" data-e-type=\"widget\" data-widget_type=\"heading.default\">\n\t\t\t\t\t<h3 class=\"elementor-heading-title elementor-size-default\">Links:<\/h3>\t\t\t\t<\/div>\n\t\t\t\t<div class=\"elementor-element elementor-element-9b707bc elementor-shape-rounded elementor-grid-0 e-grid-align-center elementor-widget elementor-widget-social-icons\" data-id=\"9b707bc\" data-element_type=\"widget\" data-e-type=\"widget\" data-widget_type=\"social-icons.default\">\n\t\t\t\t\t\t\t<div class=\"elementor-social-icons-wrapper elementor-grid\" role=\"list\">\n\t\t\t\t\t\t\t<span class=\"elementor-grid-item\" role=\"listitem\">\n\t\t\t\t\t<a class=\"elementor-icon elementor-social-icon elementor-social-icon-link elementor-animation-grow elementor-repeater-item-84fff70\" href=\"https:\/\/www.portinari-ba.com.br\/\" target=\"_blank\">\n\t\t\t\t\t\t<span class=\"elementor-screen-only\">Link<\/span>\n\t\t\t\t\t\t<svg aria-hidden=\"true\" class=\"e-font-icon-svg e-fas-link\" viewbox=\"0 0 512 512\" xmlns=\"http:\/\/www.w3.org\/2000\/svg\"><path d=\"M326.612 185.391c59.747 59.809 58.927 155.698.36 214.59-.11.12-.24.25-.36.37l-67.2 67.2c-59.27 59.27-155.699 59.262-214.96 0-59.27-59.26-59.27-155.7 0-214.96l37.106-37.106c9.84-9.84 26.786-3.3 27.294 10.606.648 17.722 3.826 35.527 9.69 52.721 1.986 5.822.567 12.262-3.783 16.612l-13.087 13.087c-28.026 28.026-28.905 73.66-1.155 101.96 28.024 28.579 74.086 28.749 102.325.51l67.2-67.19c28.191-28.191 28.073-73.757 0-101.83-3.701-3.694-7.429-6.564-10.341-8.569a16.037 16.037 0 0 1-6.947-12.606c-.396-10.567 3.348-21.456 11.698-29.806l21.054-21.055c5.521-5.521 14.182-6.199 20.584-1.731a152.482 152.482 0 0 1 20.522 17.197zM467.547 44.449c-59.261-59.262-155.69-59.27-214.96 0l-67.2 67.2c-.12.12-.25.25-.36.37-58.566 58.892-59.387 154.781.36 214.59a152.454 152.454 0 0 0 20.521 17.196c6.402 4.468 15.064 3.789 20.584-1.731l21.054-21.055c8.35-8.35 12.094-19.239 11.698-29.806a16.037 16.037 0 0 0-6.947-12.606c-2.912-2.005-6.64-4.875-10.341-8.569-28.073-28.073-28.191-73.639 0-101.83l67.2-67.19c28.239-28.239 74.3-28.069 102.325.51 27.75 28.3 26.872 73.934-1.155 101.96l-13.087 13.087c-4.35 4.35-5.769 10.79-3.783 16.612 5.864 17.194 9.042 34.999 9.69 52.721.509 13.906 17.454 20.446 27.294 10.606l37.106-37.106c59.271-59.259 59.271-155.699.001-214.959z\"><\/path><\/svg>\t\t\t\t\t<\/a>\n\t\t\t\t<\/span>\n\t\t\t\t\t\t\t<span class=\"elementor-grid-item\" role=\"listitem\">\n\t\t\t\t\t<a class=\"elementor-icon elementor-social-icon elementor-social-icon-instagram elementor-animation-grow elementor-repeater-item-7745ddc\" href=\"https:\/\/www.instagram.com\/colegioportinari.ba\/\" target=\"_blank\">\n\t\t\t\t\t\t<span class=\"elementor-screen-only\">Instagram<\/span>\n\t\t\t\t\t\t<svg aria-hidden=\"true\" class=\"e-font-icon-svg e-fab-instagram\" viewbox=\"0 0 448 512\" xmlns=\"http:\/\/www.w3.org\/2000\/svg\"><path d=\"M224.1 141c-63.6 0-114.9 51.3-114.9 114.9s51.3 114.9 114.9 114.9S339 319.5 339 255.9 287.7 141 224.1 141zm0 189.6c-41.1 0-74.7-33.5-74.7-74.7s33.5-74.7 74.7-74.7 74.7 33.5 74.7 74.7-33.6 74.7-74.7 74.7zm146.4-194.3c0 14.9-12 26.8-26.8 26.8-14.9 0-26.8-12-26.8-26.8s12-26.8 26.8-26.8 26.8 12 26.8 26.8zm76.1 27.2c-1.7-35.9-9.9-67.7-36.2-93.9-26.2-26.2-58-34.4-93.9-36.2-37-2.1-147.9-2.1-184.9 0-35.8 1.7-67.6 9.9-93.9 36.1s-34.4 58-36.2 93.9c-2.1 37-2.1 147.9 0 184.9 1.7 35.9 9.9 67.7 36.2 93.9s58 34.4 93.9 36.2c37 2.1 147.9 2.1 184.9 0 35.9-1.7 67.7-9.9 93.9-36.2 26.2-26.2 34.4-58 36.2-93.9 2.1-37 2.1-147.8 0-184.8zM398.8 388c-7.8 19.6-22.9 34.7-42.6 42.6-29.5 11.7-99.5 9-132.1 9s-102.7 2.6-132.1-9c-19.6-7.8-34.7-22.9-42.6-42.6-11.7-29.5-9-99.5-9-132.1s-2.6-102.7 9-132.1c7.8-19.6 22.9-34.7 42.6-42.6 29.5-11.7 99.5-9 132.1-9s102.7-2.6 132.1 9c19.6 7.8 34.7 22.9 42.6 42.6 11.7 29.5 9 99.5 9 132.1s2.7 102.7-9 132.1z\"><\/path><\/svg>\t\t\t\t\t<\/a>\n\t\t\t\t<\/span>\n\t\t\t\t\t<\/div>\n\t\t\t\t\t\t<\/div>\n\t\t\t\t<div class=\"elementor-element elementor-element-7e9d424 elementor-widget elementor-widget-spacer\" data-id=\"7e9d424\" data-element_type=\"widget\" data-e-type=\"widget\" data-widget_type=\"spacer.default\">\n\t\t\t\t\t\t\t<div class=\"elementor-spacer\">\n\t\t\t<div class=\"elementor-spacer-inner\"><\/div>\n\t\t<\/div>\n\t\t\t\t\t\t<\/div>\n\t\t\t\t<\/div>\n\t\t<div class=\"elementor-element elementor-element-4819953 e-con-full e-flex e-con e-child\" data-id=\"4819953\" data-element_type=\"container\" data-e-type=\"container\">\n\t\t<div class=\"elementor-element elementor-element-644fcca e-flex e-con-boxed e-con e-child\" data-id=\"644fcca\" data-element_type=\"container\" data-e-type=\"container\">\n\t\t\t\t\t<div class=\"e-con-inner\">\n\t\t\t\t<div class=\"elementor-element elementor-element-993990f elementor-widget elementor-widget-heading\" data-id=\"993990f\" data-element_type=\"widget\" data-e-type=\"widget\" data-widget_type=\"heading.default\">\n\t\t\t\t\t<h2 class=\"elementor-heading-title elementor-size-default\">Col\u00e9gio C\u00e2ndido Portinari<\/h2>\t\t\t\t<\/div>\n\t\t\t\t\t<\/div>\n\t\t\t\t<\/div>\n\t\t<div class=\"elementor-element elementor-element-21e18ac e-flex e-con-boxed e-con e-child\" data-id=\"21e18ac\" data-element_type=\"container\" data-e-type=\"container\">\n\t\t\t\t\t<div class=\"e-con-inner\">\n\t\t\t\t<div class=\"elementor-element elementor-element-bb54639 elementor-widget elementor-widget-text-editor\" data-id=\"bb54639\" data-element_type=\"widget\" data-e-type=\"widget\" data-widget_type=\"text-editor.default\">\n\t\t\t\t\t\t\t\t\t<p>O Col\u00e9gio C\u00e2ndido Portinari nasceu h\u00e1 mais de 20 anos, mais exatamente em 1994, fruto do sonho de v\u00e1rios educadores que idealizaram construir uma escola no Costa Azul, ou seja, na \u00e1rea geogr\u00e1fica que corresponde a um espa\u00e7o em constante expans\u00e3o de Salvador.<\/p>\n<p>A miss\u00e3o era construir um col\u00e9gio acolhedor e de gente feliz, baseado na premissa de que o aluno alegre e que ama a sua escola estar\u00e1 com os canais abertos para o processo de aprendizagem, produzindo mais e melhor.<\/p>\n<p>O principal investimento do Portinari est\u00e1 na forma\u00e7\u00e3o acad\u00eamica e de valores dos seus alunos, representada pela constante sele\u00e7\u00e3o da nossa equipe de professores, o respeito \u00e0s diferen\u00e7as, o apoio \u00e0 inclus\u00e3o, o que proporciona transformar os nossos jovens em cidad\u00e3os aptos e preparados para realizar as mudan\u00e7as necess\u00e1rias na sociedade.<\/p>\n<p>Em suas quase tr\u00eas d\u00e9cadas de atua\u00e7\u00e3o, o col\u00e9gio desenvolve um ambiente escolar humano, democr\u00e1tico e comprometido com o desempenho acad\u00eamico alinhado a valores indispens\u00e1veis \u00e0 forma\u00e7\u00e3o para a vida.<\/p>\n<p>Com uma experiente equipe de educadores, a institui\u00e7\u00e3o oferece aos seus alunos do Ensino Fundamental Anos Iniciais, Ensino Fundamental Anos Finais e Ensino M\u00e9dio, um ensino de qualidade, afinado a aspectos importantes da contemporaneidade, capaz de contribuir para o desenvolvimento de suas habilidades.<\/p>\n<p>Para auxiliar nesse processo, o planejamento pedag\u00f3gico conta com equipamentos como a Sala Maker, Laborat\u00f3rios de Pesquisa, Servi\u00e7o de Orienta\u00e7\u00e3o Educacional (SOE), incentivo \u00e0 pr\u00e1tica esportiva e Turno Integral.<\/p>\n<p>Saiba mais:&nbsp;<a href=\"https:\/\/www.portinari-ba.com.br\/\" target=\"_blank\" style=\"font-size: 16px; font-family: Poppins, sans-serif; letter-spacing: 0px; word-spacing: 0em;\">www.portinari-ba.com.br\/<\/a><\/p>\t\t\t\t\t\t\t\t<\/div>\n\t\t\t\t<div class=\"elementor-element elementor-element-d3d0d2a elementor-widget elementor-widget-spacer\" data-id=\"d3d0d2a\" data-element_type=\"widget\" data-e-type=\"widget\" data-widget_type=\"spacer.default\">\n\t\t\t\t\t\t\t<div class=\"elementor-spacer\">\n\t\t\t<div class=\"elementor-spacer-inner\"><\/div>\n\t\t<\/div>\n\t\t\t\t\t\t<\/div>\n\t\t\t\t<div class=\"elementor-element elementor-element-096b9cd elementor-widget elementor-widget-heading\" data-id=\"096b9cd\" data-element_type=\"widget\" data-e-type=\"widget\" data-widget_type=\"heading.default\">\n\t\t\t\t\t<h3 class=\"elementor-heading-title elementor-size-default\">Unidade:<\/h3>\t\t\t\t<\/div>\n\t\t\t\t\t<\/div>\n\t\t\t\t<\/div>\n\t\t<div class=\"elementor-element elementor-element-83ff915 e-con-full e-flex e-con e-child\" data-id=\"83ff915\" data-element_type=\"container\" data-e-type=\"container\">\n\t\t\t\t<div class=\"elementor-element elementor-element-1cf45ab elementor-widget-tablet__width-initial elementor-widget-mobile__width-inherit elementor-widget__width-initial elementor-position-top elementor-widget elementor-widget-image-box\" data-id=\"1cf45ab\" data-element_type=\"widget\" data-e-type=\"widget\" data-widget_type=\"image-box.default\">\n\t\t\t\t\t<div class=\"elementor-image-box-wrapper\"><figure class=\"elementor-image-box-img\"><img fetchpriority=\"high\" decoding=\"async\" width=\"1000\" height=\"562\" src=\"https:\/\/www.redeinspiraeducadores.com.br\/wp-content\/uploads\/2026\/03\/portinari_parque.jpeg\" class=\"elementor-animation-grow attachment-full size-full wp-image-2802\" alt=\"\" srcset=\"https:\/\/www.redeinspiraeducadores.com.br\/wp-content\/uploads\/2026\/03\/portinari_parque.jpeg 1000w, https:\/\/www.redeinspiraeducadores.com.br\/wp-content\/uploads\/2026\/03\/portinari_parque-300x169.jpeg 300w, https:\/\/www.redeinspiraeducadores.com.br\/wp-content\/uploads\/2026\/03\/portinari_parque-768x432.jpeg 768w\" sizes=\"(max-width: 1000px) 100vw, 1000px\" \/><\/figure><div class=\"elementor-image-box-content\"><h4 class=\"elementor-image-box-title\">Portinari<\/h4><p class=\"elementor-image-box-description\">Rua Adelaide Fernandes da Costa n\u00ba 487\nCosta-Azul \u2013 Salvador\/Bahia<\/p><\/div><\/div>\t\t\t\t<\/div>\n\t\t\t\t<\/div>\n\t\t\t\t<\/div>\n\t\t\t\t\t<\/div>\n\t\t\t\t<\/div>\n\t\t\t\t<\/div>","protected":false},"excerpt":{"rendered":"<p>Segmentos: Educa\u00e7\u00e3o Infantil Ensino Fundamental &#8211; anos iniciais Ensino Fundamental &#8211; anos finais Ensino M\u00e9dio Links: Link Instagram Col\u00e9gio C\u00e2ndido [&hellip;]<\/p>\n","protected":false},"author":1,"featured_media":0,"parent":47,"menu_order":0,"comment_status":"closed","ping_status":"closed","template":"elementor_header_footer","meta":{"site-sidebar-layout":"no-sidebar","site-content-layout":"","ast-site-content-layout":"full-width-container","site-content-style":"default","site-sidebar-style":"default","ast-global-header-display":"","ast-banner-title-visibility":"","ast-main-header-display":"","ast-hfb-above-header-display":"","ast-hfb-below-header-display":"","ast-hfb-mobile-header-display":"","site-post-title":"","ast-breadcrumbs-content":"","ast-featured-img":"disabled","footer-sml-layout":"","ast-disable-related-posts":"","theme-transparent-header-meta":"","adv-header-id-meta":"","stick-header-meta":"","header-above-stick-meta":"","header-main-stick-meta":"","header-below-stick-meta":"","astra-migrate-meta-layouts":"default","ast-page-background-enabled":"default","ast-page-background-meta":{"desktop":{"background-color":"var(--ast-global-color-5)","background-image":"","background-repeat":"repeat","background-position":"center center","background-size":"auto","background-attachment":"scroll","background-type":"","background-media":"","overlay-type":"","overlay-color":"","overlay-opacity":"","overlay-gradient":""},"tablet":{"background-color":"","background-image":"","background-repeat":"repeat","background-position":"center center","background-size":"auto","background-attachment":"scroll","background-type":"","background-media":"","overlay-type":"","overlay-color":"","overlay-opacity":"","overlay-gradient":""},"mobile":{"background-color":"","background-image":"","background-repeat":"repeat","background-position":"center center","background-size":"auto","background-attachment":"scroll","background-type":"","background-media":"","overlay-type":"","overlay-color":"","overlay-opacity":"","overlay-gradient":""}},"ast-content-background-meta":{"desktop":{"background-color":"var(--ast-global-color-4)","background-image":"","background-repeat":"repeat","background-position":"center center","background-size":"auto","background-attachment":"scroll","background-type":"","background-media":"","overlay-type":"","overlay-color":"","overlay-opacity":"","overlay-gradient":""},"tablet":{"background-color":"var(--ast-global-color-4)","background-image":"","background-repeat":"repeat","background-position":"center center","background-size":"auto","background-attachment":"scroll","background-type":"","background-media":"","overlay-type":"","overlay-color":"","overlay-opacity":"","overlay-gradient":""},"mobile":{"background-color":"var(--ast-global-color-4)","background-image":"","background-repeat":"repeat","background-position":"center center","background-size":"auto","background-attachment":"scroll","background-type":"","background-media":"","overlay-type":"","overlay-color":"","overlay-opacity":"","overlay-gradient":""}},"footnotes":""},"class_list":["post-2790","page","type-page","status-publish","hentry"],"_links":{"self":[{"href":"https:\/\/www.redeinspiraeducadores.com.br\/en\/wp-json\/wp\/v2\/pages\/2790","targetHints":{"allow":["GET"]}}],"collection":[{"href":"https:\/\/www.redeinspiraeducadores.com.br\/en\/wp-json\/wp\/v2\/pages"}],"about":[{"href":"https:\/\/www.redeinspiraeducadores.com.br\/en\/wp-json\/wp\/v2\/types\/page"}],"author":[{"embeddable":true,"href":"https:\/\/www.redeinspiraeducadores.com.br\/en\/wp-json\/wp\/v2\/users\/1"}],"replies":[{"embeddable":true,"href":"https:\/\/www.redeinspiraeducadores.com.br\/en\/wp-json\/wp\/v2\/comments?post=2790"}],"version-history":[{"count":7,"href":"https:\/\/www.redeinspiraeducadores.com.br\/en\/wp-json\/wp\/v2\/pages\/2790\/revisions"}],"predecessor-version":[{"id":7487,"href":"https:\/\/www.redeinspiraeducadores.com.br\/en\/wp-json\/wp\/v2\/pages\/2790\/revisions\/7487"}],"up":[{"embeddable":true,"href":"https:\/\/www.redeinspiraeducadores.com.br\/en\/wp-json\/wp\/v2\/pages\/47"}],"wp:attachment":[{"href":"https:\/\/www.redeinspiraeducadores.com.br\/en\/wp-json\/wp\/v2\/media?parent=2790"}],"curies":[{"name":"wp","href":"https:\/\/api.w.org\/{rel}","templated":true}]}}