{"id":2550,"date":"2026-03-02T02:37:58","date_gmt":"2026-03-02T02:37:58","guid":{"rendered":"https:\/\/www.redeinspiraeducadores.com.br\/?page_id=2550"},"modified":"2026-03-03T23:01:47","modified_gmt":"2026-03-03T23:01:47","slug":"global-me-school","status":"publish","type":"page","link":"https:\/\/www.redeinspiraeducadores.com.br\/en\/nossas-escolas\/global-me-school\/","title":{"rendered":"Global Me School"},"content":{"rendered":"<div data-elementor-type=\"wp-page\" data-elementor-id=\"2550\" class=\"elementor elementor-2550\" data-elementor-post-type=\"page\">\n\t\t\t\t\t\t<section class=\"elementor-section elementor-top-section elementor-element elementor-element-fdca026 elementor-section-full_width elementor-section-height-default elementor-section-height-default\" data-id=\"fdca026\" data-element_type=\"section\" data-e-type=\"section\" data-settings=\"{&quot;background_background&quot;:&quot;classic&quot;}\">\n\t\t\t\t\t\t\t<div class=\"elementor-background-overlay\"><\/div>\n\t\t\t\t\t\t\t<div class=\"elementor-container elementor-column-gap-default\">\n\t\t\t\t\t<div class=\"elementor-column elementor-col-100 elementor-top-column elementor-element elementor-element-08a62bb\" data-id=\"08a62bb\" data-element_type=\"column\" data-e-type=\"column\">\n\t\t\t<div class=\"elementor-widget-wrap\">\n\t\t\t\t\t\t\t<\/div>\n\t\t<\/div>\n\t\t\t\t\t<\/div>\n\t\t<\/section>\n\t\t<div class=\"elementor-element elementor-element-3f50405 e-flex e-con-boxed e-con e-parent\" data-id=\"3f50405\" data-element_type=\"container\" data-e-type=\"container\">\n\t\t\t\t\t<div class=\"e-con-inner\">\n\t\t<div class=\"elementor-element elementor-element-6d4563c e-con-full e-flex e-con e-child\" data-id=\"6d4563c\" data-element_type=\"container\" data-e-type=\"container\">\n\t\t\t\t<div class=\"elementor-element elementor-element-f4990ba elementor-widget__width-initial elementor-widget-tablet__width-inherit elementor-widget elementor-widget-image\" data-id=\"f4990ba\" data-element_type=\"widget\" data-e-type=\"widget\" data-widget_type=\"image.default\">\n\t\t\t\t\t\t\t\t\t\t\t\t\t\t\t<img decoding=\"async\" width=\"200\" height=\"200\" src=\"https:\/\/www.redeinspiraeducadores.com.br\/wp-content\/uploads\/2026\/03\/1-LOGO-OFICIAL.png\" class=\"attachment-large size-large wp-image-2564\" alt=\"\" srcset=\"https:\/\/www.redeinspiraeducadores.com.br\/wp-content\/uploads\/2026\/03\/1-LOGO-OFICIAL.png 200w, https:\/\/www.redeinspiraeducadores.com.br\/wp-content\/uploads\/2026\/03\/1-LOGO-OFICIAL-150x150.png 150w\" sizes=\"(max-width: 200px) 100vw, 200px\" \/>\t\t\t\t\t\t\t\t\t\t\t\t\t\t\t<\/div>\n\t\t\t\t<div class=\"elementor-element elementor-element-31e63e9 elementor-widget elementor-widget-spacer\" data-id=\"31e63e9\" data-element_type=\"widget\" data-e-type=\"widget\" data-widget_type=\"spacer.default\">\n\t\t\t\t\t\t\t<div class=\"elementor-spacer\">\n\t\t\t<div class=\"elementor-spacer-inner\"><\/div>\n\t\t<\/div>\n\t\t\t\t\t\t<\/div>\n\t\t\t\t<div class=\"elementor-element elementor-element-c97160d elementor-widget elementor-widget-heading\" data-id=\"c97160d\" data-element_type=\"widget\" data-e-type=\"widget\" data-widget_type=\"heading.default\">\n\t\t\t\t\t<h3 class=\"elementor-heading-title elementor-size-default\">Segmentos:<\/h3>\t\t\t\t<\/div>\n\t\t\t\t<div class=\"elementor-element elementor-element-0e03170 elementor-icon-list--layout-traditional elementor-list-item-link-full_width elementor-widget elementor-widget-icon-list\" data-id=\"0e03170\" data-element_type=\"widget\" data-e-type=\"widget\" data-widget_type=\"icon-list.default\">\n\t\t\t\t\t\t\t<ul class=\"elementor-icon-list-items\">\n\t\t\t\t\t\t\t<li class=\"elementor-icon-list-item\">\n\t\t\t\t\t\t\t\t\t\t\t<span class=\"elementor-icon-list-icon\">\n\t\t\t\t\t\t\t<svg aria-hidden=\"true\" class=\"e-font-icon-svg e-fas-child\" viewbox=\"0 0 384 512\" xmlns=\"http:\/\/www.w3.org\/2000\/svg\"><path d=\"M120 72c0-39.765 32.235-72 72-72s72 32.235 72 72c0 39.764-32.235 72-72 72s-72-32.236-72-72zm254.627 1.373c-12.496-12.497-32.758-12.497-45.254 0L242.745 160H141.254L54.627 73.373c-12.496-12.497-32.758-12.497-45.254 0-12.497 12.497-12.497 32.758 0 45.255L104 213.254V480c0 17.673 14.327 32 32 32h16c17.673 0 32-14.327 32-32V368h16v112c0 17.673 14.327 32 32 32h16c17.673 0 32-14.327 32-32V213.254l94.627-94.627c12.497-12.497 12.497-32.757 0-45.254z\"><\/path><\/svg>\t\t\t\t\t\t<\/span>\n\t\t\t\t\t\t\t\t\t\t<span class=\"elementor-icon-list-text\">Educa\u00e7\u00e3o Infantil<\/span>\n\t\t\t\t\t\t\t\t\t<\/li>\n\t\t\t\t\t\t\t\t<li class=\"elementor-icon-list-item\">\n\t\t\t\t\t\t\t\t\t\t\t<span class=\"elementor-icon-list-icon\">\n\t\t\t\t\t\t\t<svg aria-hidden=\"true\" class=\"e-font-icon-svg e-fas-pencil-alt\" viewbox=\"0 0 512 512\" xmlns=\"http:\/\/www.w3.org\/2000\/svg\"><path d=\"M497.9 142.1l-46.1 46.1c-4.7 4.7-12.3 4.7-17 0l-111-111c-4.7-4.7-4.7-12.3 0-17l46.1-46.1c18.7-18.7 49.1-18.7 67.9 0l60.1 60.1c18.8 18.7 18.8 49.1 0 67.9zM284.2 99.8L21.6 362.4.4 483.9c-2.9 16.4 11.4 30.6 27.8 27.8l121.5-21.3 262.6-262.6c4.7-4.7 4.7-12.3 0-17l-111-111c-4.8-4.7-12.4-4.7-17.1 0zM124.1 339.9c-5.5-5.5-5.5-14.3 0-19.8l154-154c5.5-5.5 14.3-5.5 19.8 0s5.5 14.3 0 19.8l-154 154c-5.5 5.5-14.3 5.5-19.8 0zM88 424h48v36.3l-64.5 11.3-31.1-31.1L51.7 376H88v48z\"><\/path><\/svg>\t\t\t\t\t\t<\/span>\n\t\t\t\t\t\t\t\t\t\t<span class=\"elementor-icon-list-text\">Ensino Fundamental - anos iniciais<\/span>\n\t\t\t\t\t\t\t\t\t<\/li>\n\t\t\t\t\t\t<\/ul>\n\t\t\t\t\t\t<\/div>\n\t\t\t\t<div class=\"elementor-element elementor-element-a26b653 elementor-widget elementor-widget-spacer\" data-id=\"a26b653\" data-element_type=\"widget\" data-e-type=\"widget\" data-widget_type=\"spacer.default\">\n\t\t\t\t\t\t\t<div class=\"elementor-spacer\">\n\t\t\t<div class=\"elementor-spacer-inner\"><\/div>\n\t\t<\/div>\n\t\t\t\t\t\t<\/div>\n\t\t\t\t<div class=\"elementor-element elementor-element-541e3c7 elementor-widget elementor-widget-heading\" data-id=\"541e3c7\" data-element_type=\"widget\" data-e-type=\"widget\" data-widget_type=\"heading.default\">\n\t\t\t\t\t<h3 class=\"elementor-heading-title elementor-size-default\">Links:<\/h3>\t\t\t\t<\/div>\n\t\t\t\t<div class=\"elementor-element elementor-element-f2ba6e7 elementor-shape-rounded elementor-grid-0 e-grid-align-center elementor-widget elementor-widget-social-icons\" data-id=\"f2ba6e7\" data-element_type=\"widget\" data-e-type=\"widget\" data-widget_type=\"social-icons.default\">\n\t\t\t\t\t\t\t<div class=\"elementor-social-icons-wrapper elementor-grid\" role=\"list\">\n\t\t\t\t\t\t\t<span class=\"elementor-grid-item\" role=\"listitem\">\n\t\t\t\t\t<a class=\"elementor-icon elementor-social-icon elementor-social-icon-link elementor-animation-grow elementor-repeater-item-84fff70\" href=\"https:\/\/globalme.com.br\/\" target=\"_blank\">\n\t\t\t\t\t\t<span class=\"elementor-screen-only\">Link<\/span>\n\t\t\t\t\t\t<svg aria-hidden=\"true\" class=\"e-font-icon-svg e-fas-link\" viewbox=\"0 0 512 512\" xmlns=\"http:\/\/www.w3.org\/2000\/svg\"><path d=\"M326.612 185.391c59.747 59.809 58.927 155.698.36 214.59-.11.12-.24.25-.36.37l-67.2 67.2c-59.27 59.27-155.699 59.262-214.96 0-59.27-59.26-59.27-155.7 0-214.96l37.106-37.106c9.84-9.84 26.786-3.3 27.294 10.606.648 17.722 3.826 35.527 9.69 52.721 1.986 5.822.567 12.262-3.783 16.612l-13.087 13.087c-28.026 28.026-28.905 73.66-1.155 101.96 28.024 28.579 74.086 28.749 102.325.51l67.2-67.19c28.191-28.191 28.073-73.757 0-101.83-3.701-3.694-7.429-6.564-10.341-8.569a16.037 16.037 0 0 1-6.947-12.606c-.396-10.567 3.348-21.456 11.698-29.806l21.054-21.055c5.521-5.521 14.182-6.199 20.584-1.731a152.482 152.482 0 0 1 20.522 17.197zM467.547 44.449c-59.261-59.262-155.69-59.27-214.96 0l-67.2 67.2c-.12.12-.25.25-.36.37-58.566 58.892-59.387 154.781.36 214.59a152.454 152.454 0 0 0 20.521 17.196c6.402 4.468 15.064 3.789 20.584-1.731l21.054-21.055c8.35-8.35 12.094-19.239 11.698-29.806a16.037 16.037 0 0 0-6.947-12.606c-2.912-2.005-6.64-4.875-10.341-8.569-28.073-28.073-28.191-73.639 0-101.83l67.2-67.19c28.239-28.239 74.3-28.069 102.325.51 27.75 28.3 26.872 73.934-1.155 101.96l-13.087 13.087c-4.35 4.35-5.769 10.79-3.783 16.612 5.864 17.194 9.042 34.999 9.69 52.721.509 13.906 17.454 20.446 27.294 10.606l37.106-37.106c59.271-59.259 59.271-155.699.001-214.959z\"><\/path><\/svg>\t\t\t\t\t<\/a>\n\t\t\t\t<\/span>\n\t\t\t\t\t\t\t<span class=\"elementor-grid-item\" role=\"listitem\">\n\t\t\t\t\t<a class=\"elementor-icon elementor-social-icon elementor-social-icon-instagram elementor-animation-grow elementor-repeater-item-7745ddc\" href=\"https:\/\/www.instagram.com\/globalme.school\/\" target=\"_blank\">\n\t\t\t\t\t\t<span class=\"elementor-screen-only\">Instagram<\/span>\n\t\t\t\t\t\t<svg aria-hidden=\"true\" class=\"e-font-icon-svg e-fab-instagram\" viewbox=\"0 0 448 512\" xmlns=\"http:\/\/www.w3.org\/2000\/svg\"><path d=\"M224.1 141c-63.6 0-114.9 51.3-114.9 114.9s51.3 114.9 114.9 114.9S339 319.5 339 255.9 287.7 141 224.1 141zm0 189.6c-41.1 0-74.7-33.5-74.7-74.7s33.5-74.7 74.7-74.7 74.7 33.5 74.7 74.7-33.6 74.7-74.7 74.7zm146.4-194.3c0 14.9-12 26.8-26.8 26.8-14.9 0-26.8-12-26.8-26.8s12-26.8 26.8-26.8 26.8 12 26.8 26.8zm76.1 27.2c-1.7-35.9-9.9-67.7-36.2-93.9-26.2-26.2-58-34.4-93.9-36.2-37-2.1-147.9-2.1-184.9 0-35.8 1.7-67.6 9.9-93.9 36.1s-34.4 58-36.2 93.9c-2.1 37-2.1 147.9 0 184.9 1.7 35.9 9.9 67.7 36.2 93.9s58 34.4 93.9 36.2c37 2.1 147.9 2.1 184.9 0 35.9-1.7 67.7-9.9 93.9-36.2 26.2-26.2 34.4-58 36.2-93.9 2.1-37 2.1-147.8 0-184.8zM398.8 388c-7.8 19.6-22.9 34.7-42.6 42.6-29.5 11.7-99.5 9-132.1 9s-102.7 2.6-132.1-9c-19.6-7.8-34.7-22.9-42.6-42.6-11.7-29.5-9-99.5-9-132.1s-2.6-102.7 9-132.1c7.8-19.6 22.9-34.7 42.6-42.6 29.5-11.7 99.5-9 132.1-9s102.7-2.6 132.1 9c19.6 7.8 34.7 22.9 42.6 42.6 11.7 29.5 9 99.5 9 132.1s2.7 102.7-9 132.1z\"><\/path><\/svg>\t\t\t\t\t<\/a>\n\t\t\t\t<\/span>\n\t\t\t\t\t<\/div>\n\t\t\t\t\t\t<\/div>\n\t\t\t\t<div class=\"elementor-element elementor-element-6e0e141 elementor-widget elementor-widget-spacer\" data-id=\"6e0e141\" data-element_type=\"widget\" data-e-type=\"widget\" data-widget_type=\"spacer.default\">\n\t\t\t\t\t\t\t<div class=\"elementor-spacer\">\n\t\t\t<div class=\"elementor-spacer-inner\"><\/div>\n\t\t<\/div>\n\t\t\t\t\t\t<\/div>\n\t\t\t\t<\/div>\n\t\t<div class=\"elementor-element elementor-element-a7ff417 e-con-full e-flex e-con e-child\" data-id=\"a7ff417\" data-element_type=\"container\" data-e-type=\"container\">\n\t\t<div class=\"elementor-element elementor-element-3840580 e-flex e-con-boxed e-con e-child\" data-id=\"3840580\" data-element_type=\"container\" data-e-type=\"container\">\n\t\t\t\t\t<div class=\"e-con-inner\">\n\t\t\t\t<div class=\"elementor-element elementor-element-2b6760c elementor-widget elementor-widget-heading\" data-id=\"2b6760c\" data-element_type=\"widget\" data-e-type=\"widget\" data-widget_type=\"heading.default\">\n\t\t\t\t\t<h2 class=\"elementor-heading-title elementor-size-default\">Global Me School<\/h2>\t\t\t\t<\/div>\n\t\t\t\t\t<\/div>\n\t\t\t\t<\/div>\n\t\t<div class=\"elementor-element elementor-element-1324fb4 e-flex e-con-boxed e-con e-child\" data-id=\"1324fb4\" data-element_type=\"container\" data-e-type=\"container\">\n\t\t\t\t\t<div class=\"e-con-inner\">\n\t\t\t\t<div class=\"elementor-element elementor-element-b39b849 elementor-widget elementor-widget-text-editor\" data-id=\"b39b849\" data-element_type=\"widget\" data-e-type=\"widget\" data-widget_type=\"text-editor.default\">\n\t\t\t\t\t\t\t\t\t<p>A Global Me \u00e9 uma escola socioconstrutivista que se inspira nas contribui\u00e7\u00f5es de grandes pensadores da educa\u00e7\u00e3o como Piaget, Vygotsky e Loris Malaguzzi, criador da abordagem Reggio Em\u00edlia. Nossa proposta pedag\u00f3gica reconhece que a crian\u00e7a \u00e9 protagonista do seu pr\u00f3prio processo de aprendizagem, capaz de construir conhecimento a partir das intera\u00e7\u00f5es com o meio, com os colegas e com os adultos que a acompanham.<\/p><p><span style=\"font-size: 16px; letter-spacing: 0px; word-spacing: 0em;\">Acreditamos <\/span><span style=\"font-size: 16px; letter-spacing: 0px; word-spacing: 0em;\">que <\/span><span style=\"font-size: 16px; letter-spacing: 0px; word-spacing: 0em;\">o <\/span><span style=\"font-size: 16px; letter-spacing: 0px; word-spacing: 0em;\">papel <\/span><span style=\"font-size: 16px; letter-spacing: 0px; word-spacing: 0em;\">do <\/span><span style=\"font-size: 16px; letter-spacing: 0px; word-spacing: 0em;\">educador <\/span><span style=\"font-size: 16px; letter-spacing: 0px; word-spacing: 0em;\">vai <\/span><span style=\"font-size: 16px; letter-spacing: 0px; word-spacing: 0em;\">al\u00e9m <\/span><span style=\"font-size: 16px; letter-spacing: 0px; word-spacing: 0em;\">da <\/span><span style=\"font-size: 16px; letter-spacing: 0px; word-spacing: 0em;\">transmiss\u00e3o <\/span><span style=\"font-size: 16px; letter-spacing: 0px; word-spacing: 0em;\">de <\/span><span style=\"font-size: 16px; letter-spacing: 0px; word-spacing: 0em;\">conte\u00fados: <\/span><span style=\"font-size: 16px; letter-spacing: 0px; word-spacing: 0em;\">ele <\/span><span style=\"font-size: 16px; letter-spacing: 0px; word-spacing: 0em;\">atua <\/span><span style=\"font-size: 16px; letter-spacing: 0px; word-spacing: 0em;\">como <\/span><span style=\"font-size: 16px; letter-spacing: 0px; word-spacing: 0em;\">mediador, <\/span><span style=\"font-size: 16px; letter-spacing: 0px; word-spacing: 0em;\">provocador <\/span><span style=\"font-size: 16px; letter-spacing: 0px; word-spacing: 0em;\">de <\/span><span style=\"font-size: 16px; letter-spacing: 0px; word-spacing: 0em;\">reflex\u00f5es <\/span><span style=\"font-size: 16px; letter-spacing: 0px; word-spacing: 0em;\">e <\/span><span style=\"font-size: 16px; letter-spacing: 0px; word-spacing: 0em;\">incentivador <\/span><span style=\"font-size: 16px; letter-spacing: 0px; word-spacing: 0em;\">da <\/span><span style=\"font-size: 16px; letter-spacing: 0px; word-spacing: 0em;\">curiosidade, <\/span><span style=\"font-size: 16px; letter-spacing: 0px; word-spacing: 0em;\">criando <\/span><span style=\"font-size: 16px; letter-spacing: 0px; word-spacing: 0em;\">ambientes <\/span><span style=\"font-size: 16px; letter-spacing: 0px; word-spacing: 0em;\">ricos <\/span><span style=\"font-size: 16px; letter-spacing: 0px; word-spacing: 0em;\">em <\/span><span style=\"font-size: 16px; letter-spacing: 0px; word-spacing: 0em;\">possibilidades <\/span><span style=\"font-size: 16px; letter-spacing: 0px; word-spacing: 0em;\">e <\/span><span style=\"font-size: 16px; letter-spacing: 0px; word-spacing: 0em;\">experi\u00eancias <\/span><span style=\"font-size: 16px; letter-spacing: 0px; word-spacing: 0em;\">significativas. <\/span><span style=\"font-size: 16px; letter-spacing: 0px; word-spacing: 0em;\">Os <\/span><span style=\"font-size: 16px; letter-spacing: 0px; word-spacing: 0em;\">espa\u00e7os <\/span><span style=\"font-size: 16px; letter-spacing: 0px; word-spacing: 0em;\">escolares, <\/span><span style=\"font-size: 16px; letter-spacing: 0px; word-spacing: 0em;\">cuidadosamente <\/span><span style=\"font-size: 16px; letter-spacing: 0px; word-spacing: 0em;\">pensados, <\/span><span style=\"font-size: 16px; letter-spacing: 0px; word-spacing: 0em;\">tamb\u00e9m <\/span><span style=\"font-size: 16px; letter-spacing: 0px; word-spacing: 0em;\">desempenham <\/span><span style=\"font-size: 16px; letter-spacing: 0px; word-spacing: 0em;\">um <\/span><span style=\"font-size: 16px; letter-spacing: 0px; word-spacing: 0em;\">papel <\/span><span style=\"font-size: 16px; letter-spacing: 0px; word-spacing: 0em;\">ativo <\/span><span style=\"font-size: 16px; letter-spacing: 0px; word-spacing: 0em;\">nesse <\/span><span style=\"font-size: 16px; letter-spacing: 0px; word-spacing: 0em;\">processo, <\/span><span style=\"font-size: 16px; letter-spacing: 0px; word-spacing: 0em;\">estimulando <\/span><span style=\"font-size: 16px; letter-spacing: 0px; word-spacing: 0em;\">a <\/span><span style=\"font-size: 16px; letter-spacing: 0px; word-spacing: 0em;\">explora\u00e7\u00e3o, <\/span><span style=\"font-size: 16px; letter-spacing: 0px; word-spacing: 0em;\">a <\/span><span style=\"font-size: 16px; letter-spacing: 0px; word-spacing: 0em;\">criatividade <\/span><span style=\"font-size: 16px; letter-spacing: 0px; word-spacing: 0em;\">e <\/span><span style=\"font-size: 16px; letter-spacing: 0px; word-spacing: 0em;\">o <\/span><span style=\"font-size: 16px; letter-spacing: 0px; word-spacing: 0em;\">di\u00e1logo.<\/span><\/p><p><span style=\"font-size: 16px; letter-spacing: 0px; word-spacing: 0em;\">Saiba mais:&nbsp;<\/span><a href=\"https:\/\/globalme.com.br\/\" target=\"_blank\" style=\"font-size: 16px; letter-spacing: 0px; word-spacing: 0em;\">www.globalme<\/a><span style=\"font-size: 16px; letter-spacing: 0px; word-spacing: 0em;\">.com.br\/<\/span><\/p>\t\t\t\t\t\t\t\t<\/div>\n\t\t\t\t<div class=\"elementor-element elementor-element-5557276 elementor-widget elementor-widget-spacer\" data-id=\"5557276\" data-element_type=\"widget\" data-e-type=\"widget\" data-widget_type=\"spacer.default\">\n\t\t\t\t\t\t\t<div class=\"elementor-spacer\">\n\t\t\t<div class=\"elementor-spacer-inner\"><\/div>\n\t\t<\/div>\n\t\t\t\t\t\t<\/div>\n\t\t\t\t<div class=\"elementor-element elementor-element-20c114f elementor-widget elementor-widget-heading\" data-id=\"20c114f\" data-element_type=\"widget\" data-e-type=\"widget\" data-widget_type=\"heading.default\">\n\t\t\t\t\t<h3 class=\"elementor-heading-title elementor-size-default\">Unidades:<\/h3>\t\t\t\t<\/div>\n\t\t\t\t\t<\/div>\n\t\t\t\t<\/div>\n\t\t<div class=\"elementor-element elementor-element-23e78d4 e-con-full e-flex e-con e-child\" data-id=\"23e78d4\" data-element_type=\"container\" data-e-type=\"container\">\n\t\t\t\t<div class=\"elementor-element elementor-element-48998f6 elementor-widget-tablet__width-initial elementor-widget-mobile__width-inherit elementor-widget__width-initial elementor-position-top elementor-widget elementor-widget-image-box\" data-id=\"48998f6\" data-element_type=\"widget\" data-e-type=\"widget\" data-widget_type=\"image-box.default\">\n\t\t\t\t\t<div class=\"elementor-image-box-wrapper\"><figure class=\"elementor-image-box-img\"><img decoding=\"async\" width=\"222\" height=\"160\" src=\"https:\/\/www.redeinspiraeducadores.com.br\/wp-content\/uploads\/2026\/03\/global-me.jpg\" class=\"elementor-animation-grow attachment-full size-full wp-image-2565\" alt=\"\" \/><\/figure><div class=\"elementor-image-box-content\"><h4 class=\"elementor-image-box-title\">Jardins<\/h4><p class=\"elementor-image-box-description\">Rua Col\u00f4mbia, 66 \u2013 Jardins \u2013 01438-000 \u2013 S\u00e3o Paulo \u2013 SP<\/p><\/div><\/div>\t\t\t\t<\/div>\n\t\t\t\t<\/div>\n\t\t\t\t<\/div>\n\t\t\t\t\t<\/div>\n\t\t\t\t<\/div>\n\t\t\t\t<\/div>","protected":false},"excerpt":{"rendered":"<p>Segmentos: Educa\u00e7\u00e3o Infantil Ensino Fundamental &#8211; anos iniciais Links: Link Instagram Global Me School A Global Me \u00e9 uma escola [&hellip;]<\/p>\n","protected":false},"author":1,"featured_media":0,"parent":47,"menu_order":0,"comment_status":"closed","ping_status":"closed","template":"elementor_header_footer","meta":{"site-sidebar-layout":"no-sidebar","site-content-layout":"","ast-site-content-layout":"full-width-container","site-content-style":"default","site-sidebar-style":"default","ast-global-header-display":"","ast-banner-title-visibility":"","ast-main-header-display":"","ast-hfb-above-header-display":"","ast-hfb-below-header-display":"","ast-hfb-mobile-header-display":"","site-post-title":"","ast-breadcrumbs-content":"","ast-featured-img":"disabled","footer-sml-layout":"","ast-disable-related-posts":"","theme-transparent-header-meta":"","adv-header-id-meta":"","stick-header-meta":"","header-above-stick-meta":"","header-main-stick-meta":"","header-below-stick-meta":"","astra-migrate-meta-layouts":"default","ast-page-background-enabled":"default","ast-page-background-meta":{"desktop":{"background-color":"var(--ast-global-color-5)","background-image":"","background-repeat":"repeat","background-position":"center center","background-size":"auto","background-attachment":"scroll","background-type":"","background-media":"","overlay-type":"","overlay-color":"","overlay-opacity":"","overlay-gradient":""},"tablet":{"background-color":"","background-image":"","background-repeat":"repeat","background-position":"center center","background-size":"auto","background-attachment":"scroll","background-type":"","background-media":"","overlay-type":"","overlay-color":"","overlay-opacity":"","overlay-gradient":""},"mobile":{"background-color":"","background-image":"","background-repeat":"repeat","background-position":"center center","background-size":"auto","background-attachment":"scroll","background-type":"","background-media":"","overlay-type":"","overlay-color":"","overlay-opacity":"","overlay-gradient":""}},"ast-content-background-meta":{"desktop":{"background-color":"var(--ast-global-color-4)","background-image":"","background-repeat":"repeat","background-position":"center center","background-size":"auto","background-attachment":"scroll","background-type":"","background-media":"","overlay-type":"","overlay-color":"","overlay-opacity":"","overlay-gradient":""},"tablet":{"background-color":"var(--ast-global-color-4)","background-image":"","background-repeat":"repeat","background-position":"center center","background-size":"auto","background-attachment":"scroll","background-type":"","background-media":"","overlay-type":"","overlay-color":"","overlay-opacity":"","overlay-gradient":""},"mobile":{"background-color":"var(--ast-global-color-4)","background-image":"","background-repeat":"repeat","background-position":"center center","background-size":"auto","background-attachment":"scroll","background-type":"","background-media":"","overlay-type":"","overlay-color":"","overlay-opacity":"","overlay-gradient":""}},"footnotes":""},"class_list":["post-2550","page","type-page","status-publish","hentry"],"_links":{"self":[{"href":"https:\/\/www.redeinspiraeducadores.com.br\/en\/wp-json\/wp\/v2\/pages\/2550","targetHints":{"allow":["GET"]}}],"collection":[{"href":"https:\/\/www.redeinspiraeducadores.com.br\/en\/wp-json\/wp\/v2\/pages"}],"about":[{"href":"https:\/\/www.redeinspiraeducadores.com.br\/en\/wp-json\/wp\/v2\/types\/page"}],"author":[{"embeddable":true,"href":"https:\/\/www.redeinspiraeducadores.com.br\/en\/wp-json\/wp\/v2\/users\/1"}],"replies":[{"embeddable":true,"href":"https:\/\/www.redeinspiraeducadores.com.br\/en\/wp-json\/wp\/v2\/comments?post=2550"}],"version-history":[{"count":13,"href":"https:\/\/www.redeinspiraeducadores.com.br\/en\/wp-json\/wp\/v2\/pages\/2550\/revisions"}],"predecessor-version":[{"id":7523,"href":"https:\/\/www.redeinspiraeducadores.com.br\/en\/wp-json\/wp\/v2\/pages\/2550\/revisions\/7523"}],"up":[{"embeddable":true,"href":"https:\/\/www.redeinspiraeducadores.com.br\/en\/wp-json\/wp\/v2\/pages\/47"}],"wp:attachment":[{"href":"https:\/\/www.redeinspiraeducadores.com.br\/en\/wp-json\/wp\/v2\/media?parent=2550"}],"curies":[{"name":"wp","href":"https:\/\/api.w.org\/{rel}","templated":true}]}}